{"id":1056,"date":"2025-02-08T20:20:43","date_gmt":"2025-02-08T20:20:43","guid":{"rendered":"https:\/\/gatomaquia.com\/?page_id=1056"},"modified":"2026-04-27T09:33:39","modified_gmt":"2026-04-27T09:33:39","slug":"lara-granqvist","status":"publish","type":"page","link":"https:\/\/gatomaquia.com\/index.php\/lara-granqvist\/","title":{"rendered":"Lara Granqvist"},"content":{"rendered":"\t\t<div data-elementor-type=\"wp-page\" data-elementor-id=\"1056\" class=\"elementor elementor-1056\">\n\t\t\t\t<div class=\"elementor-element elementor-element-523248e e-con-full e-flex e-con e-parent\" data-id=\"523248e\" data-element_type=\"container\" data-e-type=\"container\" data-settings=\"{&quot;background_background&quot;:&quot;gradient&quot;}\">\n\t\t\t\t<div class=\"elementor-element elementor-element-5c72c85 elementor-widget elementor-widget-heading\" data-id=\"5c72c85\" data-element_type=\"widget\" data-e-type=\"widget\" data-widget_type=\"heading.default\">\n\t\t\t\t<div class=\"elementor-widget-container\">\n\t\t\t\t\t<h2 class=\"elementor-heading-title elementor-size-default\">Lara granqvist<\/h2>\t\t\t\t<\/div>\n\t\t\t\t<\/div>\n\t\t\t\t<div class=\"elementor-element elementor-element-1114cf3 elementor-widget elementor-widget-text-editor\" data-id=\"1114cf3\" data-element_type=\"widget\" data-e-type=\"widget\" data-widget_type=\"text-editor.default\">\n\t\t\t\t<div class=\"elementor-widget-container\">\n\t\t\t\t\t\t\t\t\t<p>En Galer\u00eda Gatomaquia 2026<\/p>\t\t\t\t\t\t\t\t<\/div>\n\t\t\t\t<\/div>\n\t\t\t\t<\/div>\n\t\t<div class=\"elementor-element elementor-element-67b11a2 e-con-full e-flex e-con e-parent\" data-id=\"67b11a2\" data-element_type=\"container\" data-e-type=\"container\">\n\t\t\t\t<div class=\"elementor-element elementor-element-599af85 elementor-widget elementor-widget-heading\" data-id=\"599af85\" data-element_type=\"widget\" data-e-type=\"widget\" data-widget_type=\"heading.default\">\n\t\t\t\t<div class=\"elementor-widget-container\">\n\t\t\t\t\t<h2 class=\"elementor-heading-title elementor-size-default\">Lara<\/h2>\t\t\t\t<\/div>\n\t\t\t\t<\/div>\n\t\t\t\t<div class=\"elementor-element elementor-element-195c401 elementor-widget elementor-widget-heading\" data-id=\"195c401\" data-element_type=\"widget\" data-e-type=\"widget\" data-widget_type=\"heading.default\">\n\t\t\t\t<div class=\"elementor-widget-container\">\n\t\t\t\t\t<h2 class=\"elementor-heading-title elementor-size-default\">Granqvist<\/h2>\t\t\t\t<\/div>\n\t\t\t\t<\/div>\n\t\t\t\t<\/div>\n\t\t<div class=\"elementor-element elementor-element-71487c0 e-flex e-con-boxed e-con e-parent\" data-id=\"71487c0\" data-element_type=\"container\" data-e-type=\"container\">\n\t\t\t\t\t<div class=\"e-con-inner\">\n\t\t\t\t<div class=\"elementor-element elementor-element-3e7b26b elementor-widget elementor-widget-text-editor\" data-id=\"3e7b26b\" data-element_type=\"widget\" data-e-type=\"widget\" data-widget_type=\"text-editor.default\">\n\t\t\t\t<div class=\"elementor-widget-container\">\n\t\t\t\t\t\t\t\t\t<p><span style=\"font-weight: 400;\">Human Fractal es una nueva colecci\u00f3n de <\/span><b>Lara Granqvist<\/b><span style=\"font-weight: 400;\">. Lara reflexiona particularmente sobre la idea de que nuestros cerebros crean patrones an\u00e1logos a los fractales matem\u00e1ticos: formas geom\u00e9tricas complejas que se repiten infinitamente y que parecen similares a cualquier escala. Se ha observado que, cuando los humanos se involucran en un pensamiento complejo, estas redes neuronales se organizan en dichos patrones, y que cuando el pensamiento se altera, los patrones pierden su integridad y se descomponen. En el contexto del progreso actual en inteligencia artificial, manipulaci\u00f3n gen\u00e9tica y preguntas sobre el papel futuro de los humanos frente a estos desarrollos, Lara se inspira en la naturaleza visual de esta visi\u00f3n codificada de la naturaleza abstracta del pensamiento, las emociones y la existencia humana. El trabajo es fresco, \u00fanico, multifac\u00e9tico e irresistible.<\/span><\/p>\t\t\t\t\t\t\t\t<\/div>\n\t\t\t\t<\/div>\n\t\t\t\t\t<\/div>\n\t\t\t\t<\/div>\n\t\t<div class=\"elementor-element elementor-element-0504996 e-flex e-con-boxed e-con e-parent\" data-id=\"0504996\" data-element_type=\"container\" data-e-type=\"container\">\n\t\t\t\t\t<div class=\"e-con-inner\">\n\t\t\t\t<div class=\"elementor-element elementor-element-cce2222 elementor-widget elementor-widget-text-editor\" data-id=\"cce2222\" data-element_type=\"widget\" data-e-type=\"widget\" data-widget_type=\"text-editor.default\">\n\t\t\t\t<div class=\"elementor-widget-container\">\n\t\t\t\t\t\t\t\t\t<div><p>Human Fractal is a new collection by <strong>Lara Granqvist<\/strong>. Lara reflects particularly on the idea that our brains create patterns analogous to mathematical Fractals: complex, infinitely repeating geometric shapes that look similar at any scale. It has been observed that, when humans engage in complex thinking, these neural network s organize into such patterns, and that when thinking is disrupted, the patterns lose their integrity and break down. In the context of current progress in artificial intelligence, genetic manipulation and questions of the future role of humans in the face of these developments, Lara is inspired by the visual nature of this coded insight into the abstract nature of human thought, emotion and existence. The work is fresh, unique, multilayered and irresistible.<\/p><\/div>\t\t\t\t\t\t\t\t<\/div>\n\t\t\t\t<\/div>\n\t\t\t\t\t<\/div>\n\t\t\t\t<\/div>\n\t\t<div class=\"elementor-element elementor-element-4082a86 e-con-full e-flex e-con e-parent\" data-id=\"4082a86\" data-element_type=\"container\" data-e-type=\"container\" data-settings=\"{&quot;background_background&quot;:&quot;classic&quot;}\">\n\t\t<div class=\"elementor-element elementor-element-63782695 e-con-full e-flex e-con e-child\" data-id=\"63782695\" data-element_type=\"container\" data-e-type=\"container\">\n\t\t\t\t<div class=\"elementor-element elementor-element-72c7280d elementor-widget elementor-widget-heading\" data-id=\"72c7280d\" data-element_type=\"widget\" data-e-type=\"widget\" data-widget_type=\"heading.default\">\n\t\t\t\t<div class=\"elementor-widget-container\">\n\t\t\t\t\t<h2 class=\"elementor-heading-title elementor-size-default\">Fractal Shadow<\/h2>\t\t\t\t<\/div>\n\t\t\t\t<\/div>\n\t\t\t\t<div class=\"elementor-element elementor-element-79753bf5 elementor-widget elementor-widget-text-editor\" data-id=\"79753bf5\" data-element_type=\"widget\" data-e-type=\"widget\" data-widget_type=\"text-editor.default\">\n\t\t\t\t<div class=\"elementor-widget-container\">\n\t\t\t\t\t\t\t\t\t<p>120 x 100 cm<\/p>\t\t\t\t\t\t\t\t<\/div>\n\t\t\t\t<\/div>\n\t\t\t\t<\/div>\n\t\t<div class=\"elementor-element elementor-element-64a74f3f e-con-full e-flex e-con e-child\" data-id=\"64a74f3f\" data-element_type=\"container\" data-e-type=\"container\">\n\t\t\t\t<div class=\"elementor-element elementor-element-7c9d1c85 elementor-widget elementor-widget-image\" data-id=\"7c9d1c85\" data-element_type=\"widget\" data-e-type=\"widget\" data-widget_type=\"image.default\">\n\t\t\t\t<div class=\"elementor-widget-container\">\n\t\t\t\t\t\t\t\t\t\t\t\t\t\t\t<img fetchpriority=\"high\" decoding=\"async\" width=\"1024\" height=\"853\" src=\"https:\/\/gatomaquia.com\/wp-content\/uploads\/2025\/01\/FractalShadow2000medida-1024x853.jpg\" class=\"attachment-large size-large wp-image-1023\" alt=\"\" srcset=\"https:\/\/gatomaquia.com\/wp-content\/uploads\/2025\/01\/FractalShadow2000medida-1024x853.jpg 1024w, https:\/\/gatomaquia.com\/wp-content\/uploads\/2025\/01\/FractalShadow2000medida-200x167.jpg 200w, https:\/\/gatomaquia.com\/wp-content\/uploads\/2025\/01\/FractalShadow2000medida-300x250.jpg 300w, https:\/\/gatomaquia.com\/wp-content\/uploads\/2025\/01\/FractalShadow2000medida-768x640.jpg 768w, https:\/\/gatomaquia.com\/wp-content\/uploads\/2025\/01\/FractalShadow2000medida-1536x1280.jpg 1536w, https:\/\/gatomaquia.com\/wp-content\/uploads\/2025\/01\/FractalShadow2000medida-2048x1706.jpg 2048w\" sizes=\"(max-width: 1024px) 100vw, 1024px\" \/>\t\t\t\t\t\t\t\t\t\t\t\t\t\t\t<\/div>\n\t\t\t\t<\/div>\n\t\t\t\t<\/div>\n\t\t\t\t<\/div>\n\t\t<div class=\"elementor-element elementor-element-557deed4 e-con-full e-flex e-con e-parent\" data-id=\"557deed4\" data-element_type=\"container\" data-e-type=\"container\" data-settings=\"{&quot;background_background&quot;:&quot;classic&quot;}\">\n\t\t<div class=\"elementor-element elementor-element-56969d27 e-con-full e-flex e-con e-child\" data-id=\"56969d27\" data-element_type=\"container\" data-e-type=\"container\">\n\t\t\t\t<div class=\"elementor-element elementor-element-eddd894 elementor-widget elementor-widget-heading\" data-id=\"eddd894\" data-element_type=\"widget\" data-e-type=\"widget\" data-widget_type=\"heading.default\">\n\t\t\t\t<div class=\"elementor-widget-container\">\n\t\t\t\t\t<h2 class=\"elementor-heading-title elementor-size-default\">Tranporter<\/h2>\t\t\t\t<\/div>\n\t\t\t\t<\/div>\n\t\t\t\t<div class=\"elementor-element elementor-element-46c732ca elementor-widget elementor-widget-text-editor\" data-id=\"46c732ca\" data-element_type=\"widget\" data-e-type=\"widget\" data-widget_type=\"text-editor.default\">\n\t\t\t\t<div class=\"elementor-widget-container\">\n\t\t\t\t\t\t\t\t\t<p>\u00a040 x 34 cm.\u00a0<\/p>\t\t\t\t\t\t\t\t<\/div>\n\t\t\t\t<\/div>\n\t\t\t\t<\/div>\n\t\t<div class=\"elementor-element elementor-element-4a1f45e2 e-con-full e-flex e-con e-child\" data-id=\"4a1f45e2\" data-element_type=\"container\" data-e-type=\"container\">\n\t\t\t\t<div class=\"elementor-element elementor-element-2144c009 elementor-widget elementor-widget-image\" data-id=\"2144c009\" data-element_type=\"widget\" data-e-type=\"widget\" data-widget_type=\"image.default\">\n\t\t\t\t<div class=\"elementor-widget-container\">\n\t\t\t\t\t\t\t\t\t\t\t\t\t\t\t\t<a href=\"https:\/\/gatomaquia.com\/wp-content\/uploads\/2026\/03\/transporter-scaled.png\" data-elementor-open-lightbox=\"yes\" data-elementor-lightbox-title=\"transporter\" data-e-action-hash=\"#elementor-action%3Aaction%3Dlightbox%26settings%3DeyJpZCI6MTQ4NSwidXJsIjoiaHR0cHM6XC9cL2dhdG9tYXF1aWEuY29tXC93cC1jb250ZW50XC91cGxvYWRzXC8yMDI2XC8wM1wvdHJhbnNwb3J0ZXItc2NhbGVkLnBuZyJ9\">\n\t\t\t\t\t\t\t<img decoding=\"async\" width=\"1024\" height=\"882\" src=\"https:\/\/gatomaquia.com\/wp-content\/uploads\/2026\/03\/transporter-1024x882.png\" class=\"attachment-large size-large wp-image-1485\" alt=\"\" srcset=\"https:\/\/gatomaquia.com\/wp-content\/uploads\/2026\/03\/transporter-1024x882.png 1024w, https:\/\/gatomaquia.com\/wp-content\/uploads\/2026\/03\/transporter-300x258.png 300w, https:\/\/gatomaquia.com\/wp-content\/uploads\/2026\/03\/transporter-768x661.png 768w, https:\/\/gatomaquia.com\/wp-content\/uploads\/2026\/03\/transporter-1536x1323.png 1536w, https:\/\/gatomaquia.com\/wp-content\/uploads\/2026\/03\/transporter-2048x1764.png 2048w, https:\/\/gatomaquia.com\/wp-content\/uploads\/2026\/03\/transporter-200x172.png 200w\" sizes=\"(max-width: 1024px) 100vw, 1024px\" \/>\t\t\t\t\t\t\t\t<\/a>\n\t\t\t\t\t\t\t\t\t\t\t\t\t\t\t<\/div>\n\t\t\t\t<\/div>\n\t\t\t\t<\/div>\n\t\t\t\t<\/div>\n\t\t<div class=\"elementor-element elementor-element-c32d45d e-con-full e-flex e-con e-parent\" data-id=\"c32d45d\" data-element_type=\"container\" data-e-type=\"container\" data-settings=\"{&quot;background_background&quot;:&quot;classic&quot;}\">\n\t\t<div class=\"elementor-element elementor-element-87ffc20 e-con-full e-flex e-con e-child\" data-id=\"87ffc20\" data-element_type=\"container\" data-e-type=\"container\">\n\t\t\t\t<div class=\"elementor-element elementor-element-0fc0756 elementor-widget elementor-widget-heading\" data-id=\"0fc0756\" data-element_type=\"widget\" data-e-type=\"widget\" data-widget_type=\"heading.default\">\n\t\t\t\t<div class=\"elementor-widget-container\">\n\t\t\t\t\t<h2 class=\"elementor-heading-title elementor-size-default\">voyage nocturno<\/h2>\t\t\t\t<\/div>\n\t\t\t\t<\/div>\n\t\t\t\t<div class=\"elementor-element elementor-element-61f58bc elementor-widget elementor-widget-text-editor\" data-id=\"61f58bc\" data-element_type=\"widget\" data-e-type=\"widget\" data-widget_type=\"text-editor.default\">\n\t\t\t\t<div class=\"elementor-widget-container\">\n\t\t\t\t\t\t\t\t\t<p>\u00a045 x 36 cm.\u00a0<\/p>\t\t\t\t\t\t\t\t<\/div>\n\t\t\t\t<\/div>\n\t\t\t\t<\/div>\n\t\t<div class=\"elementor-element elementor-element-b8a3ed4 e-con-full e-flex e-con e-child\" data-id=\"b8a3ed4\" data-element_type=\"container\" data-e-type=\"container\">\n\t\t\t\t<div class=\"elementor-element elementor-element-dc0f48d elementor-widget elementor-widget-image\" data-id=\"dc0f48d\" data-element_type=\"widget\" data-e-type=\"widget\" data-widget_type=\"image.default\">\n\t\t\t\t<div class=\"elementor-widget-container\">\n\t\t\t\t\t\t\t\t\t\t\t\t\t\t\t\t<a href=\"https:\/\/gatomaquia.com\/wp-content\/uploads\/2026\/03\/voyagenocturnbe-scaled.png\" data-elementor-open-lightbox=\"no\">\n\t\t\t\t\t\t\t<img decoding=\"async\" width=\"1024\" height=\"786\" src=\"https:\/\/gatomaquia.com\/wp-content\/uploads\/2026\/03\/voyagenocturnbe-1024x786.png\" class=\"attachment-large size-large wp-image-1486\" alt=\"\" srcset=\"https:\/\/gatomaquia.com\/wp-content\/uploads\/2026\/03\/voyagenocturnbe-1024x786.png 1024w, https:\/\/gatomaquia.com\/wp-content\/uploads\/2026\/03\/voyagenocturnbe-300x230.png 300w, https:\/\/gatomaquia.com\/wp-content\/uploads\/2026\/03\/voyagenocturnbe-768x589.png 768w, https:\/\/gatomaquia.com\/wp-content\/uploads\/2026\/03\/voyagenocturnbe-1536x1179.png 1536w, https:\/\/gatomaquia.com\/wp-content\/uploads\/2026\/03\/voyagenocturnbe-2048x1572.png 2048w, https:\/\/gatomaquia.com\/wp-content\/uploads\/2026\/03\/voyagenocturnbe-200x154.png 200w\" sizes=\"(max-width: 1024px) 100vw, 1024px\" \/>\t\t\t\t\t\t\t\t<\/a>\n\t\t\t\t\t\t\t\t\t\t\t\t\t\t\t<\/div>\n\t\t\t\t<\/div>\n\t\t\t\t<\/div>\n\t\t\t\t<\/div>\n\t\t<div class=\"elementor-element elementor-element-4997a78 e-con-full e-flex e-con e-parent\" data-id=\"4997a78\" data-element_type=\"container\" data-e-type=\"container\" data-settings=\"{&quot;background_background&quot;:&quot;classic&quot;}\">\n\t\t<div class=\"elementor-element elementor-element-84819a8 e-con-full e-flex e-con e-child\" data-id=\"84819a8\" data-element_type=\"container\" data-e-type=\"container\">\n\t\t\t\t<div class=\"elementor-element elementor-element-7694297 elementor-widget elementor-widget-heading\" data-id=\"7694297\" data-element_type=\"widget\" data-e-type=\"widget\" data-widget_type=\"heading.default\">\n\t\t\t\t<div class=\"elementor-widget-container\">\n\t\t\t\t\t<h2 class=\"elementor-heading-title elementor-size-default\">fractal human<\/h2>\t\t\t\t<\/div>\n\t\t\t\t<\/div>\n\t\t\t\t<div class=\"elementor-element elementor-element-f9f2ffd elementor-widget elementor-widget-text-editor\" data-id=\"f9f2ffd\" data-element_type=\"widget\" data-e-type=\"widget\" data-widget_type=\"text-editor.default\">\n\t\t\t\t<div class=\"elementor-widget-container\">\n\t\t\t\t\t\t\t\t\t<p>120 x 100 cm<\/p>\t\t\t\t\t\t\t\t<\/div>\n\t\t\t\t<\/div>\n\t\t\t\t<\/div>\n\t\t<div class=\"elementor-element elementor-element-bfee3d8 e-con-full e-flex e-con e-child\" data-id=\"bfee3d8\" data-element_type=\"container\" data-e-type=\"container\">\n\t\t\t\t<div class=\"elementor-element elementor-element-86f81b7 elementor-widget elementor-widget-image\" data-id=\"86f81b7\" data-element_type=\"widget\" data-e-type=\"widget\" data-widget_type=\"image.default\">\n\t\t\t\t<div class=\"elementor-widget-container\">\n\t\t\t\t\t\t\t\t\t\t\t\t\t\t\t<img loading=\"lazy\" decoding=\"async\" width=\"1024\" height=\"854\" src=\"https:\/\/gatomaquia.com\/wp-content\/uploads\/2026\/04\/FractalHuman2000px-1024x854.jpg\" class=\"attachment-large size-large wp-image-1898\" alt=\"\" srcset=\"https:\/\/gatomaquia.com\/wp-content\/uploads\/2026\/04\/FractalHuman2000px-1024x854.jpg 1024w, https:\/\/gatomaquia.com\/wp-content\/uploads\/2026\/04\/FractalHuman2000px-300x250.jpg 300w, https:\/\/gatomaquia.com\/wp-content\/uploads\/2026\/04\/FractalHuman2000px-768x640.jpg 768w, https:\/\/gatomaquia.com\/wp-content\/uploads\/2026\/04\/FractalHuman2000px-1536x1280.jpg 1536w, https:\/\/gatomaquia.com\/wp-content\/uploads\/2026\/04\/FractalHuman2000px-200x167.jpg 200w, https:\/\/gatomaquia.com\/wp-content\/uploads\/2026\/04\/FractalHuman2000px.jpg 2000w\" sizes=\"(max-width: 1024px) 100vw, 1024px\" \/>\t\t\t\t\t\t\t\t\t\t\t\t\t\t\t<\/div>\n\t\t\t\t<\/div>\n\t\t\t\t<\/div>\n\t\t\t\t<\/div>\n\t\t<div class=\"elementor-element elementor-element-3136891 e-con-full e-flex e-con e-parent\" data-id=\"3136891\" data-element_type=\"container\" data-e-type=\"container\" data-settings=\"{&quot;background_background&quot;:&quot;classic&quot;}\">\n\t\t<div class=\"elementor-element elementor-element-6ff59f1 e-con-full e-flex e-con e-child\" data-id=\"6ff59f1\" data-element_type=\"container\" data-e-type=\"container\">\n\t\t\t\t<div class=\"elementor-element elementor-element-f6b8d54 elementor-widget elementor-widget-heading\" data-id=\"f6b8d54\" data-element_type=\"widget\" data-e-type=\"widget\" data-widget_type=\"heading.default\">\n\t\t\t\t<div class=\"elementor-widget-container\">\n\t\t\t\t\t<h2 class=\"elementor-heading-title elementor-size-default\">on the beat<\/h2>\t\t\t\t<\/div>\n\t\t\t\t<\/div>\n\t\t\t\t<div class=\"elementor-element elementor-element-b962fa4 elementor-widget elementor-widget-text-editor\" data-id=\"b962fa4\" data-element_type=\"widget\" data-e-type=\"widget\" data-widget_type=\"text-editor.default\">\n\t\t\t\t<div class=\"elementor-widget-container\">\n\t\t\t\t\t\t\t\t\t<p>\u00a060 x 46,5 cm.\u00a0<\/p>\t\t\t\t\t\t\t\t<\/div>\n\t\t\t\t<\/div>\n\t\t\t\t<\/div>\n\t\t<div class=\"elementor-element elementor-element-937c58a e-con-full e-flex e-con e-child\" data-id=\"937c58a\" data-element_type=\"container\" data-e-type=\"container\">\n\t\t\t\t<div class=\"elementor-element elementor-element-7306612 elementor-widget elementor-widget-image\" data-id=\"7306612\" data-element_type=\"widget\" data-e-type=\"widget\" data-widget_type=\"image.default\">\n\t\t\t\t<div class=\"elementor-widget-container\">\n\t\t\t\t\t\t\t\t\t\t\t\t\t\t\t\t<a href=\"https:\/\/gatomaquia.com\/index.php\/producto\/1929\/\">\n\t\t\t\t\t\t\t<img loading=\"lazy\" decoding=\"async\" width=\"1024\" height=\"812\" src=\"https:\/\/gatomaquia.com\/wp-content\/uploads\/2026\/03\/onthebeat-1024x812.png\" class=\"attachment-large size-large wp-image-1482\" alt=\"\" srcset=\"https:\/\/gatomaquia.com\/wp-content\/uploads\/2026\/03\/onthebeat-1024x812.png 1024w, https:\/\/gatomaquia.com\/wp-content\/uploads\/2026\/03\/onthebeat-300x238.png 300w, https:\/\/gatomaquia.com\/wp-content\/uploads\/2026\/03\/onthebeat-768x609.png 768w, https:\/\/gatomaquia.com\/wp-content\/uploads\/2026\/03\/onthebeat-1536x1218.png 1536w, https:\/\/gatomaquia.com\/wp-content\/uploads\/2026\/03\/onthebeat-2048x1625.png 2048w, https:\/\/gatomaquia.com\/wp-content\/uploads\/2026\/03\/onthebeat-200x159.png 200w\" sizes=\"(max-width: 1024px) 100vw, 1024px\" \/>\t\t\t\t\t\t\t\t<\/a>\n\t\t\t\t\t\t\t\t\t\t\t\t\t\t\t<\/div>\n\t\t\t\t<\/div>\n\t\t\t\t<\/div>\n\t\t\t\t<\/div>\n\t\t\t\t<\/div>\n\t\t","protected":false},"excerpt":{"rendered":"<p>Lara granqvist En Galer\u00eda Gatomaquia 2026 Lara Granqvist Human Fractal es una nueva colecci\u00f3n de Lara Granqvist. Lara reflexiona particularmente sobre la idea de que nuestros cerebros crean patrones an\u00e1logos a los fractales matem\u00e1ticos: formas geom\u00e9tricas complejas que se repiten infinitamente y que parecen similares a cualquier escala. Se ha observado que, cuando los humanos [&hellip;]<\/p>\n","protected":false},"author":1,"featured_media":0,"parent":0,"menu_order":0,"comment_status":"closed","ping_status":"closed","template":"","meta":{"footnotes":""},"class_list":["post-1056","page","type-page","status-publish","hentry"],"blocksy_meta":[],"_links":{"self":[{"href":"https:\/\/gatomaquia.com\/index.php\/wp-json\/wp\/v2\/pages\/1056","targetHints":{"allow":["GET"]}}],"collection":[{"href":"https:\/\/gatomaquia.com\/index.php\/wp-json\/wp\/v2\/pages"}],"about":[{"href":"https:\/\/gatomaquia.com\/index.php\/wp-json\/wp\/v2\/types\/page"}],"author":[{"embeddable":true,"href":"https:\/\/gatomaquia.com\/index.php\/wp-json\/wp\/v2\/users\/1"}],"replies":[{"embeddable":true,"href":"https:\/\/gatomaquia.com\/index.php\/wp-json\/wp\/v2\/comments?post=1056"}],"version-history":[{"count":484,"href":"https:\/\/gatomaquia.com\/index.php\/wp-json\/wp\/v2\/pages\/1056\/revisions"}],"predecessor-version":[{"id":2139,"href":"https:\/\/gatomaquia.com\/index.php\/wp-json\/wp\/v2\/pages\/1056\/revisions\/2139"}],"wp:attachment":[{"href":"https:\/\/gatomaquia.com\/index.php\/wp-json\/wp\/v2\/media?parent=1056"}],"curies":[{"name":"wp","href":"https:\/\/api.w.org\/{rel}","templated":true}]}}