{"id":1500,"date":"2026-03-09T17:12:15","date_gmt":"2026-03-09T17:12:15","guid":{"rendered":"https:\/\/gatomaquia.com\/?page_id=1500"},"modified":"2026-03-12T12:05:10","modified_gmt":"2026-03-12T12:05:10","slug":"inicio-nuevo-nuevo","status":"publish","type":"page","link":"https:\/\/gatomaquia.com\/index.php\/inicio-nuevo-nuevo\/","title":{"rendered":"inicio nuevo nuevo"},"content":{"rendered":"\t\t<div data-elementor-type=\"wp-page\" data-elementor-id=\"1500\" class=\"elementor elementor-1500\">\n\t\t\t\t<div class=\"elementor-element elementor-element-2eade71 e-con-full e-flex e-con e-parent\" data-id=\"2eade71\" data-element_type=\"container\" data-e-type=\"container\">\n\t\t\t\t<div class=\"elementor-element elementor-element-d8cdd79 elementor-widget-tablet__width-initial elementor-widget elementor-widget-pg-crop\" data-id=\"d8cdd79\" data-element_type=\"widget\" data-e-type=\"widget\" data-widget_type=\"pg-crop.default\">\n\t\t\t\t<div class=\"elementor-widget-container\">\n\t\t\t\t\t\t\t<div class=\"pg-crop-grid pg-grid\">\n\n\t\t\t\t\t\t\t\n\t\t\t<div class=\"pg-crop-item pg-item elementor-repeater-item-c916204\">\n\t\t\t\t\t\t\t\t\t<div class=\"pg-crop-image-overlay\"><\/div>\n\t\t\t\t\t<div class=\"pg-crop-content\">\n\t\t\t\t\t\t<h3 class=\"pg-crop-title\">Lara Granqvist<\/h3>\t\t\t\t\t\t\t\t\t\t\t<div class=\"pg-crop-meta\">\n\t\t\t\tm\u00e1s informaci\u00f3n\t\t\t<\/div>\n\t\t\t\t\t\t\t<\/div>\n\t\t\t\t\t\t\t<div class=\"pg-crop-image-wrap bdt-pg-img-mask\">\n\t\t\t<img fetchpriority=\"high\" decoding=\"async\" width=\"200\" height=\"300\" src=\"https:\/\/gatomaquia.com\/wp-content\/uploads\/2025\/12\/600x900-200x300.jpg\" class=\"pg-crop-img\" alt=\"Lara Granqvist\" srcset=\"https:\/\/gatomaquia.com\/wp-content\/uploads\/2025\/12\/600x900-200x300.jpg 200w, https:\/\/gatomaquia.com\/wp-content\/uploads\/2025\/12\/600x900.jpg 600w\" sizes=\"(max-width: 200px) 100vw, 200px\" \/>\t\t\t\t\t<\/div>\n\t\t\t\t\t\t\t\t\t\t\t\t\t\t\t\t\t<\/div>\n\n\t\t\n\t\t\t<div class=\"pg-crop-item pg-item elementor-repeater-item-ee29582\">\n\t\t\t\t\t\t\t\t\t<div class=\"pg-crop-image-overlay\"><\/div>\n\t\t\t\t\t<div class=\"pg-crop-content\">\n\t\t\t\t\t\t<h3 class=\"pg-crop-title\">Akum<\/h3>\t\t\t\t\t\t\t\t\t\t\t<div class=\"pg-crop-meta\">\n\t\t\t\tm\u00e1s informaci\u00f3n\t\t\t<\/div>\n\t\t\t\t\t\t\t<\/div>\n\t\t\t\t\t\t\t<div class=\"pg-crop-image-wrap bdt-pg-img-mask\">\n\t\t\t<img decoding=\"async\" width=\"228\" height=\"300\" src=\"https:\/\/gatomaquia.com\/wp-content\/uploads\/2024\/07\/cara-adrian1-tamano-900x1006-1-228x300.png\" class=\"pg-crop-img\" alt=\"Akum\" srcset=\"https:\/\/gatomaquia.com\/wp-content\/uploads\/2024\/07\/cara-adrian1-tamano-900x1006-1-228x300.png 228w, https:\/\/gatomaquia.com\/wp-content\/uploads\/2024\/07\/cara-adrian1-tamano-900x1006-1-200x264.png 200w, https:\/\/gatomaquia.com\/wp-content\/uploads\/2024\/07\/cara-adrian1-tamano-900x1006-1-777x1024.png 777w, https:\/\/gatomaquia.com\/wp-content\/uploads\/2024\/07\/cara-adrian1-tamano-900x1006-1-768x1012.png 768w, https:\/\/gatomaquia.com\/wp-content\/uploads\/2024\/07\/cara-adrian1-tamano-900x1006-1-e1765722843361.png 683w\" sizes=\"(max-width: 228px) 100vw, 228px\" \/>\t\t\t\t\t<\/div>\n\t\t\t\t\t\t\t\t\t\t\t\t\t\t\t\t\t<\/div>\n\n\t\t\n\t\t\t<div class=\"pg-crop-item pg-item elementor-repeater-item-7635d7e\">\n\t\t\t\t\t\t\t\t\t<div class=\"pg-crop-image-overlay\"><\/div>\n\t\t\t\t\t<div class=\"pg-crop-content\">\n\t\t\t\t\t\t<h3 class=\"pg-crop-title\">Alina Sellig<\/h3>\t\t\t\t\t\t\t\t\t\t\t<div class=\"pg-crop-meta\">\n\t\t\t\tm\u00e1s informaci\u00f3n\t\t\t<\/div>\n\t\t\t\t\t\t\t<\/div>\n\t\t\t\t\t\t\t<div class=\"pg-crop-image-wrap bdt-pg-img-mask\">\n\t\t\t<img decoding=\"async\" width=\"200\" height=\"300\" src=\"https:\/\/gatomaquia.com\/wp-content\/uploads\/2026\/03\/alina-bn--200x300.jpg\" class=\"pg-crop-img\" alt=\"Alina Sellig\" srcset=\"https:\/\/gatomaquia.com\/wp-content\/uploads\/2026\/03\/alina-bn--200x300.jpg 200w, https:\/\/gatomaquia.com\/wp-content\/uploads\/2026\/03\/alina-bn--682x1024.jpg 682w, https:\/\/gatomaquia.com\/wp-content\/uploads\/2026\/03\/alina-bn--768x1152.jpg 768w, https:\/\/gatomaquia.com\/wp-content\/uploads\/2026\/03\/alina-bn-.jpg 853w\" sizes=\"(max-width: 200px) 100vw, 200px\" \/>\t\t\t\t\t<\/div>\n\t\t\t\t\t\t\t\t\t\t\t\t\t\t\t\t\t<\/div>\n\n\t\t\n\t\t\t<div class=\"pg-crop-item pg-item elementor-repeater-item-e4ab26b\">\n\t\t\t\t\t\t\t\t\t<div class=\"pg-crop-image-overlay\"><\/div>\n\t\t\t\t\t<div class=\"pg-crop-content\">\n\t\t\t\t\t\t<h3 class=\"pg-crop-title\">Alina Sellig<\/h3>\t\t\t\t\t\t\t\t\t\t\t<div class=\"pg-crop-meta\">\n\t\t\t\tm\u00e1s informaci\u00f3n\t\t\t<\/div>\n\t\t\t\t\t\t\t<\/div>\n\t\t\t\t\t\t\t<div class=\"pg-crop-image-wrap bdt-pg-img-mask\">\n\t\t\t<img decoding=\"async\" width=\"200\" height=\"300\" src=\"https:\/\/gatomaquia.com\/wp-content\/uploads\/2026\/03\/alina-bn--200x300.jpg\" class=\"pg-crop-img\" alt=\"Alina Sellig\" srcset=\"https:\/\/gatomaquia.com\/wp-content\/uploads\/2026\/03\/alina-bn--200x300.jpg 200w, https:\/\/gatomaquia.com\/wp-content\/uploads\/2026\/03\/alina-bn--682x1024.jpg 682w, https:\/\/gatomaquia.com\/wp-content\/uploads\/2026\/03\/alina-bn--768x1152.jpg 768w, https:\/\/gatomaquia.com\/wp-content\/uploads\/2026\/03\/alina-bn-.jpg 853w\" sizes=\"(max-width: 200px) 100vw, 200px\" \/>\t\t\t\t\t<\/div>\n\t\t\t\t\t\t\t\t\t\t\t\t\t\t\t\t\t<\/div>\n\n\t\t\t\t\t\t\t\t\n\t\t<\/div>\n\t\t\n\t\t\t\t\t\t<\/div>\n\t\t\t\t<\/div>\n\t\t\t\t<\/div>\n\t\t\t\t<\/div>\n\t\t","protected":false},"excerpt":{"rendered":"<p>Lara Granqvist m\u00e1s informaci\u00f3n Akum m\u00e1s informaci\u00f3n Alina Sellig m\u00e1s informaci\u00f3n Alina Sellig m\u00e1s informaci\u00f3n<\/p>\n","protected":false},"author":1,"featured_media":0,"parent":0,"menu_order":0,"comment_status":"closed","ping_status":"closed","template":"","meta":{"footnotes":""},"class_list":["post-1500","page","type-page","status-publish","hentry"],"blocksy_meta":[],"_links":{"self":[{"href":"https:\/\/gatomaquia.com\/index.php\/wp-json\/wp\/v2\/pages\/1500","targetHints":{"allow":["GET"]}}],"collection":[{"href":"https:\/\/gatomaquia.com\/index.php\/wp-json\/wp\/v2\/pages"}],"about":[{"href":"https:\/\/gatomaquia.com\/index.php\/wp-json\/wp\/v2\/types\/page"}],"author":[{"embeddable":true,"href":"https:\/\/gatomaquia.com\/index.php\/wp-json\/wp\/v2\/users\/1"}],"replies":[{"embeddable":true,"href":"https:\/\/gatomaquia.com\/index.php\/wp-json\/wp\/v2\/comments?post=1500"}],"version-history":[{"count":35,"href":"https:\/\/gatomaquia.com\/index.php\/wp-json\/wp\/v2\/pages\/1500\/revisions"}],"predecessor-version":[{"id":1551,"href":"https:\/\/gatomaquia.com\/index.php\/wp-json\/wp\/v2\/pages\/1500\/revisions\/1551"}],"wp:attachment":[{"href":"https:\/\/gatomaquia.com\/index.php\/wp-json\/wp\/v2\/media?parent=1500"}],"curies":[{"name":"wp","href":"https:\/\/api.w.org\/{rel}","templated":true}]}}