{"id":37,"date":"2024-09-25T15:58:08","date_gmt":"2024-09-25T15:58:08","guid":{"rendered":"https:\/\/gatomaquia.com\/?page_id=37"},"modified":"2025-03-11T12:24:00","modified_gmt":"2025-03-11T12:24:00","slug":"contacto","status":"publish","type":"page","link":"https:\/\/gatomaquia.com\/index.php\/contacto\/","title":{"rendered":"Contacto"},"content":{"rendered":"\t\t<div data-elementor-type=\"wp-page\" data-elementor-id=\"37\" class=\"elementor elementor-37\">\n\t\t\t\t<div class=\"elementor-element elementor-element-ae4b432 e-flex e-con-boxed e-con e-parent\" data-id=\"ae4b432\" data-element_type=\"container\" data-e-type=\"container\">\n\t\t\t\t\t<div class=\"e-con-inner\">\n\t\t\t\t<div class=\"elementor-element elementor-element-08a8b2a elementor-widget elementor-widget-image\" data-id=\"08a8b2a\" data-element_type=\"widget\" data-e-type=\"widget\" data-widget_type=\"image.default\">\n\t\t\t\t<div class=\"elementor-widget-container\">\n\t\t\t\t\t\t\t\t\t\t\t\t\t\t\t\t<a href=\"https:\/\/www.google.es\/maps\/place\/Carrer+de+Bau%C3%A7%C3%A0,+5,+07100+S%C3%B3ller,+Illes+Balears\/@39.7663792,2.7095208,16z\/data=!3m1!4b1!4m6!3m5!1s0x1297e8bf3d1fef4d:0x7d8c49b589ac8586!8m2!3d39.7663793!4d2.7143917!16s%2Fg%2F11csjn6_y6?hl=es&#038;entry=ttu&#038;g_ep=EgoyMDI1MDMwNC4wIKXMDSoASAFQAw%3D%3D\">\n\t\t\t\t\t\t\t<img fetchpriority=\"high\" decoding=\"async\" width=\"1024\" height=\"679\" src=\"https:\/\/gatomaquia.com\/wp-content\/uploads\/2024\/10\/contactoblanco-1024x679.jpg\" class=\"attachment-large size-large wp-image-254\" alt=\"\" srcset=\"https:\/\/gatomaquia.com\/wp-content\/uploads\/2024\/10\/contactoblanco-1024x679.jpg 1024w, https:\/\/gatomaquia.com\/wp-content\/uploads\/2024\/10\/contactoblanco-200x133.jpg 200w, https:\/\/gatomaquia.com\/wp-content\/uploads\/2024\/10\/contactoblanco-300x199.jpg 300w, https:\/\/gatomaquia.com\/wp-content\/uploads\/2024\/10\/contactoblanco-768x509.jpg 768w, https:\/\/gatomaquia.com\/wp-content\/uploads\/2024\/10\/contactoblanco-500x332.jpg 500w, https:\/\/gatomaquia.com\/wp-content\/uploads\/2024\/10\/contactoblanco.jpg 1200w\" sizes=\"(max-width: 1024px) 100vw, 1024px\" \/>\t\t\t\t\t\t\t\t<\/a>\n\t\t\t\t\t\t\t\t\t\t\t\t\t\t\t<\/div>\n\t\t\t\t<\/div>\n\t\t\t\t\t<\/div>\n\t\t\t\t<\/div>\n\t\t<div class=\"elementor-element elementor-element-608ab36 e-flex e-con-boxed e-con e-parent\" data-id=\"608ab36\" data-element_type=\"container\" data-e-type=\"container\">\n\t\t\t\t\t<div class=\"e-con-inner\">\n\t\t\t\t<div class=\"elementor-element elementor-element-cf73b59 elementor-widget elementor-widget-heading\" data-id=\"cf73b59\" data-element_type=\"widget\" data-e-type=\"widget\" data-widget_type=\"heading.default\">\n\t\t\t\t<div class=\"elementor-widget-container\">\n\t\t\t\t\t<h1 class=\"elementor-heading-title elementor-size-default\">Gatomaquia Galer\u00eda<\/h1>\t\t\t\t<\/div>\n\t\t\t\t<\/div>\n\t\t\t\t<div class=\"elementor-element elementor-element-395a229 elementor-widget elementor-widget-text-editor\" data-id=\"395a229\" data-element_type=\"widget\" data-e-type=\"widget\" data-widget_type=\"text-editor.default\">\n\t\t\t\t<div class=\"elementor-widget-container\">\n\t\t\t\t\t\t\t\t\t<p>Carrer Bau\u00e7\u00e0 5<\/p>\t\t\t\t\t\t\t\t<\/div>\n\t\t\t\t<\/div>\n\t\t\t\t<div class=\"elementor-element elementor-element-4add8f5 elementor-widget elementor-widget-text-editor\" data-id=\"4add8f5\" data-element_type=\"widget\" data-e-type=\"widget\" data-widget_type=\"text-editor.default\">\n\t\t\t\t<div class=\"elementor-widget-container\">\n\t\t\t\t\t\t\t\t\t<p>\u00a0S\u00f3ller<\/p>\t\t\t\t\t\t\t\t<\/div>\n\t\t\t\t<\/div>\n\t\t\t\t<div class=\"elementor-element elementor-element-76b8867 elementor-widget elementor-widget-text-editor\" data-id=\"76b8867\" data-element_type=\"widget\" data-e-type=\"widget\" data-widget_type=\"text-editor.default\">\n\t\t\t\t<div class=\"elementor-widget-container\">\n\t\t\t\t\t\t\t\t\t<p>Mallorca<\/p>\t\t\t\t\t\t\t\t<\/div>\n\t\t\t\t<\/div>\n\t\t\t\t\t<\/div>\n\t\t\t\t<\/div>\n\t\t\t\t<\/div>\n\t\t","protected":false},"excerpt":{"rendered":"<p>Gatomaquia Galer\u00eda Carrer Bau\u00e7\u00e0 5 \u00a0S\u00f3ller Mallorca<\/p>\n","protected":false},"author":1,"featured_media":0,"parent":0,"menu_order":0,"comment_status":"closed","ping_status":"closed","template":"","meta":{"footnotes":""},"class_list":["post-37","page","type-page","status-publish","hentry"],"blocksy_meta":[],"_links":{"self":[{"href":"https:\/\/gatomaquia.com\/index.php\/wp-json\/wp\/v2\/pages\/37","targetHints":{"allow":["GET"]}}],"collection":[{"href":"https:\/\/gatomaquia.com\/index.php\/wp-json\/wp\/v2\/pages"}],"about":[{"href":"https:\/\/gatomaquia.com\/index.php\/wp-json\/wp\/v2\/types\/page"}],"author":[{"embeddable":true,"href":"https:\/\/gatomaquia.com\/index.php\/wp-json\/wp\/v2\/users\/1"}],"replies":[{"embeddable":true,"href":"https:\/\/gatomaquia.com\/index.php\/wp-json\/wp\/v2\/comments?post=37"}],"version-history":[{"count":10,"href":"https:\/\/gatomaquia.com\/index.php\/wp-json\/wp\/v2\/pages\/37\/revisions"}],"predecessor-version":[{"id":1230,"href":"https:\/\/gatomaquia.com\/index.php\/wp-json\/wp\/v2\/pages\/37\/revisions\/1230"}],"wp:attachment":[{"href":"https:\/\/gatomaquia.com\/index.php\/wp-json\/wp\/v2\/media?parent=37"}],"curies":[{"name":"wp","href":"https:\/\/api.w.org\/{rel}","templated":true}]}}