{"id":522,"date":"2024-11-19T12:52:22","date_gmt":"2024-11-19T12:52:22","guid":{"rendered":"https:\/\/gatomaquia.com\/?page_id=522"},"modified":"2024-12-04T15:25:30","modified_gmt":"2024-12-04T15:25:30","slug":"terminos-y-condiciones","status":"publish","type":"page","link":"https:\/\/gatomaquia.com\/index.php\/terminos-y-condiciones\/","title":{"rendered":"T\u00e9rminos y condiciones"},"content":{"rendered":"\n<p class=\"has-text-align-center\"><strong>T\u00c9RMINOS Y CONDICIONES<\/strong><\/p>\n\n\n\n<p class=\"has-text-align-center\"><strong>Vigencia<\/strong><\/p>\n\n\n\n<p>Las presentes condiciones generales de venta rigen tanto la utilizaci\u00f3n del portal de Internet\u00a0 como todas las operaciones <a href=\"https:\/\/gatomaquia.com\/\">gatomaquia.com<\/a> realizadas con mercanc\u00eda entre Galer\u00eda Gatomaquia (en adelante \u201cel vendedor\u00bb o \u00abel Sitio web\u00bb) y los clientes.<\/p>\n\n\n\n<p class=\"has-text-align-center\"><strong>INFORMACI\u00d3N GENERAL<\/strong><\/p>\n\n\n\n<p>En cumplimiento con el deber de informaci\u00f3n dispuesto en la Ley 34\/2002 de Servicios de la Sociedad de la Informaci\u00f3n y el Comercio Electr\u00f3nico (LSSI-CE) de 11 de julio, se facilitan a continuaci\u00f3n los siguientes datos de informaci\u00f3n general de este sitio web:<\/p>\n\n\n\n<p>La titularidad de este sitio web, <a href=\"https:\/\/gatomaquia.com\/\">https:\/\/gatomaquia.com\/<\/a> la ostenta: Galer\u00eda Gatomaquia , con NIF: x4527099d, y cuyos datos de contacto son:<\/p>\n\n\n\n<p>Galer\u00eda Gatomaquia&nbsp;<\/p>\n\n\n\n<p>X4527099D<\/p>\n\n\n\n<p>C\/ Bauca 5&nbsp;<\/p>\n\n\n\n<p>07100 S\u00f3ller, Mallorca<\/p>\n\n\n\n<p>Espa\u00f1a<\/p>\n\n\n\n<p class=\"has-text-align-center\"><strong>El comprador<\/strong><\/p>\n\n\n\n<p>Se informa al comprador de que la aceptaci\u00f3n de la oferta obliga al pago de la mercanc\u00eda por su parte. Una vez elegido el producto que desea comprar, el comprador acepta las presentes condiciones validandose mediante un click de aceptaci\u00f3n.<\/p>\n\n\n\n<p class=\"has-text-align-center\"><strong>El vendedor<\/strong><\/p>\n\n\n\n<p>El vendedor asumir\u00e1 los riesgos que pudiera sufrir el producto durante el transporte hasta que sea entregado al consumidor.<\/p>\n\n\n\n<p class=\"has-text-align-center\"><strong>Informaci\u00f3n de pago y precios<\/strong><\/p>\n\n\n\n<p class=\"has-text-align-left\">El comprador elige en el momento de abonar el pago entre distintos medios de pago ofrecidos.&nbsp;<\/p>\n\n\n\n<p>Una vez realizado el pago integral, el cliente recibir\u00e1 un correo electr\u00f3nico con la confirmaci\u00f3n y factura de la compra realizada.<\/p>\n\n\n\n<p>Las caracter\u00edsticas de los Productos y sus precios son los que aparecen en pantalla. Los Productos o servicios estar\u00e1n disponibles para su venta hasta fin de existencias. Los precios indicados en pantalla son en euros, e incluyen IVA y son los vigentes.<\/p>\n\n\n\n<p>En todos los casos, el contrato de venta entre comprador y vendedor se somete a la condici\u00f3n resolutoria de que el Producto est\u00e9 disponible y el pago est\u00e9 realizado en su integridad. El vendedor se compromete a confirmar o desestimar la disponibilidad del producto comandado por el comprador en un plazo m\u00e1ximo de 5 d\u00edas. En caso de que un mismo producto sea adquirido por varios compradores al mismo tiempo, \u00e9ste ser\u00e1 vendido al primer comprador que finalice su pedido.<\/p>\n\n\n\n<p>Si pasados 5 d\u00edas desde la fecha de validaci\u00f3n del pedido, el vendedor no notifica la disponibilidad del producto, o en caso de que el comprador no complete el pago en el mismo periodo, el contrato entre comprador y vendedor quedar\u00e1 disuelto y cada parte quedar\u00e1 libre de obligaciones.<\/p>\n\n\n\n<p class=\"has-text-align-center\"><strong>Env\u00edos<\/strong><\/p>\n\n\n\n<p><\/p>\n\n\n\n<p>El coste de todos los env\u00edos a la pen\u00ednsula variar\u00e1 en funci\u00f3n del destino, tama\u00f1o y peso del producto adquirido. El importe aparecer\u00e1 especificado durante el proceso de compra antes de realizar el pago.<\/p>\n\n\n\n<p>Los env\u00edos se realizan entre los martes y los viernes. Los pedidos realizados los s\u00e1bados, domingos y lunes ser\u00e1n expedidos a partir del siguiente martes inmediato a la compra.<\/p>\n\n\n\n<p>Tiempos de env\u00edo:<\/p>\n\n\n\n<p>&#8211; plazo env\u00edo Nacional: 4-5 d\u00edas laborales<\/p>\n\n\n\n<p>&#8211; plazo env\u00edo Internacional Europa: 10-15 d\u00edas laborales<\/p>\n\n\n\n<p>&#8211; plazo Internacional extraeuropeo : plazo variable seg\u00fan pa\u00eds. Consultar si urgencia.<\/p>\n\n\n\n<p>En los casos de env\u00edos internacionales, el coste de env\u00edo variar\u00e1 de la misma forma en funci\u00f3n del destino, tama\u00f1o y peso del producto adquirido. Los impuestos en destino, como aranceles y otros, cuando existan, ser\u00e1n por cuenta del destinatario y se abonar\u00e1n en destino. Galer\u00eda Gatomaquia no se hace responsable de estos posibles costes suplementarios.<\/p>\n\n\n\n<p>En caso de pago por transferencia bancaria y para mayor agilidad en el env\u00edo, se recomienda al cliente que env\u00ede un justificante del pago a trav\u00e9s del siguiente correo electr\u00f3nico: gatomaquiasoller@gmail.com.&nbsp; Galer\u00eda Gatomaquia se reserva el derecho a pedir una copia del DNI o pasaporte para confirmar la identidad del cliente.<\/p>\n\n\n\n<p>Todos los env\u00edos disponen de un n\u00famero de seguimiento para que el cliente pueda comprobar en qu\u00e9 estado se encuentra su pedido. El tiempo de env\u00edo podr\u00e1 variar en funci\u00f3n del destino.<\/p>\n\n\n\n<p>Si el comprador desea asegurar la mercanc\u00eda por el importe total de la compra (hasta un m\u00e1ximo de 5.000\u20ac -cinco mil euros-) adem\u00e1s de por da\u00f1os, p\u00e9rdidas o aver\u00eda, deber\u00e1 ponerse en contacto con el vendedor por correo electr\u00f3nico (gatomaquiasoller@gmail.com) para informar de dicha situaci\u00f3n. El coste del seguro ser\u00e1 el equivalente al 2% del valor de la mercanc\u00eda.<\/p>\n\n\n\n<p>no se hace responsable por los errores o perjuicios causados en la entrega cuando la direcci\u00f3n de entrega introducida por el cliente no se ajuste al lugar de entrega deseado por el cliente.<\/p>\n\n\n\n<p>La entrega se considera efectuada a partir del momento en el cual la obra ha sido puesta a disposici\u00f3n del cliente en el lugar de entrega indicado por el cliente.<\/p>\n\n\n\n<p>Si en el momento de la entrega de la obra en la direcci\u00f3n indicada por el comprador, \u00e9ste se encontrase ausente, el transportista dejar\u00e1 un aviso indicando c\u00f3mo proceder para concertar una nueva entrega. Si, transcurridos ocho (8) d\u00edas naturales desde la fecha de este primer aviso, el cliente no se pone en contacto con el transportista para concertar una nueva fecha de entrega, las obras ser\u00e1n devueltas a Galer\u00eda Gatomaquia&nbsp; y el cliente deber\u00e1 hacerse cargo&nbsp; de los gastos de env\u00edo y de retorno. Los gastos de env\u00edo de los art\u00edculos que se deseen cambiar o devolver por correo ser\u00e1n por cuenta del cliente y en ning\u00fan caso&nbsp; Galer\u00eda Gatomaquia aceptar\u00e1 devoluciones enviadas a portes debidos.<\/p>\n\n\n\n<p class=\"has-text-align-center\"><strong>Devoluciones o cambios<\/strong><\/p>\n\n\n\n<p>El comprador tiene derecho a devolver lo adquirido durante un plazo de 14 d\u00edas naturales. Este plazo se contar\u00e1 a partir del dia en que el comprador reciba los art\u00edculos adquiridos.<\/p>\n\n\n\n<p>El comprador debe devolver los bienes antes de 14 d\u00edas desde que comunic\u00f3 su voluntad de desistir. Los gastos de devoluci\u00f3n correr\u00e1n a cargo del comprador. El vendedor s\u00f3lo se har\u00e1 cargo de los gastos de devoluci\u00f3n en caso de mercanc\u00eda defectuosa, en cuyo caso el comprador deber\u00e1 notificarlo en un plazo de 24h desde la recepci\u00f3n del pedido mediante correo electr\u00f3nico a .com<\/p>\n\n\n\n<p>Si el comprador solicita la devoluci\u00f3n dentro de plazo (14 d\u00edas naturales) se le reembolsar\u00e1 el precio del art\u00edculo en un plazo no superior a los 14 d\u00edas. El comprador tendr\u00e1 la opci\u00f3n, si lo desea, de recibir un cup\u00f3n de compra en la tienda por el monto del producto devuelto o de cambiarlo por un art\u00edculo de igual valor.<\/p>\n\n\n\n<p>Toda devoluci\u00f3n de los art\u00edculos adquiridos por parte del comprador deber\u00e1n empaquetarse cuidadosamente.<\/p>\n\n\n\n<p>El comprador deber\u00e1 devolver el producto con todos los contenidos del embalaje original.<\/p>\n\n\n\n<p>No se admitir\u00e1n devoluciones si en los art\u00edculos se observan manchas o da\u00f1os. En el caso de la devoluci\u00f3n de marcos, se prestar\u00e1 especial atenci\u00f3n a que \u00e9stos se encuentren en el mismo estado en el que se envi\u00f3 al comprador.<\/p>\n\n\n\n<p>Los gastos de env\u00edo de los art\u00edculos que se deseen cambiar o devolver por correo ser\u00e1n por cuenta del cliente y en ning\u00fan caso Galer\u00eda Gatomaquia aceptar\u00e1 devoluciones enviadas a portes debidos.<\/p>\n\n\n\n<p><\/p>\n","protected":false},"excerpt":{"rendered":"<p>T\u00c9RMINOS Y CONDICIONES Vigencia Las presentes condiciones generales de venta rigen tanto la utilizaci\u00f3n del portal de Internet\u00a0 como todas las operaciones gatomaquia.com realizadas con mercanc\u00eda entre Galer\u00eda Gatomaquia (en adelante \u201cel vendedor\u00bb o \u00abel Sitio web\u00bb) y los clientes. INFORMACI\u00d3N GENERAL En cumplimiento con el deber de informaci\u00f3n dispuesto en la Ley 34\/2002 de [&hellip;]<\/p>\n","protected":false},"author":1,"featured_media":0,"parent":0,"menu_order":0,"comment_status":"closed","ping_status":"closed","template":"","meta":{"footnotes":""},"class_list":["post-522","page","type-page","status-publish","hentry"],"blocksy_meta":[],"_links":{"self":[{"href":"https:\/\/gatomaquia.com\/index.php\/wp-json\/wp\/v2\/pages\/522","targetHints":{"allow":["GET"]}}],"collection":[{"href":"https:\/\/gatomaquia.com\/index.php\/wp-json\/wp\/v2\/pages"}],"about":[{"href":"https:\/\/gatomaquia.com\/index.php\/wp-json\/wp\/v2\/types\/page"}],"author":[{"embeddable":true,"href":"https:\/\/gatomaquia.com\/index.php\/wp-json\/wp\/v2\/users\/1"}],"replies":[{"embeddable":true,"href":"https:\/\/gatomaquia.com\/index.php\/wp-json\/wp\/v2\/comments?post=522"}],"version-history":[{"count":4,"href":"https:\/\/gatomaquia.com\/index.php\/wp-json\/wp\/v2\/pages\/522\/revisions"}],"predecessor-version":[{"id":723,"href":"https:\/\/gatomaquia.com\/index.php\/wp-json\/wp\/v2\/pages\/522\/revisions\/723"}],"wp:attachment":[{"href":"https:\/\/gatomaquia.com\/index.php\/wp-json\/wp\/v2\/media?parent=522"}],"curies":[{"name":"wp","href":"https:\/\/api.w.org\/{rel}","templated":true}]}}