{"id":727,"date":"2024-12-04T15:38:46","date_gmt":"2024-12-04T15:38:46","guid":{"rendered":"https:\/\/gatomaquia.com\/?page_id=727"},"modified":"2024-12-04T15:38:46","modified_gmt":"2024-12-04T15:38:46","slug":"politica-de-privacidad-y-proteccion-de-datos","status":"publish","type":"page","link":"https:\/\/gatomaquia.com\/index.php\/politica-de-privacidad-y-proteccion-de-datos\/","title":{"rendered":"Pol\u00edtica de privacidad y protecci\u00f3n de datos"},"content":{"rendered":"\n<h1 class=\"wp-block-heading\"><\/h1>\n\n\n\n<p><strong>POL\u00cdTICA DE PRIVACIDAD Y PROTECCI\u00d3N DE DATOS<\/strong><strong><br><\/strong><strong><br><\/strong>De conformidad con lo que establece la Ley Org\u00e1nica 15\/1999 de Protecci\u00f3n de Datos de Car\u00e1cter Personal (LOPD), y con el Real Decreto 1720\/2007, de 21 de diciembre, por el que se aprueba el Reglamento de desarrollo de la Ley Org\u00e1nica 15\/1999, de 13 de diciembre, de Protecci\u00f3n de Datos de Car\u00e1cter Personal (RDLOPD), Galer\u00eda Gatomaquia se compromete a adoptar las medidas t\u00e9cnicas y organizativas necesarias, seg\u00fan el nivel de seguridad de los datos recabados, de forma que garanticen la seguridad de los datos de car\u00e1cter personal y eviten su alteraci\u00f3n, p\u00e9rdida, tratamiento o acceso no autorizado.<br><br><br><br>Mientras el Usuario no comunique lo conttario a Galer\u00eda Gatomaquia, se entender\u00e1 que sus datos no han sido modificados, que el Usuario se compromete a notificar cualquier variaci\u00f3n y que tiene el consentimiento para utilizarlos para las finalidades determinadas, expl\u00edcitas y leg\u00edtimas para las que se hayan obtenido. Pudiendo incluso ser, adem\u00e1s, utilizados con una finalidad comercial de personalizaci\u00f3n, operativa y estad\u00edstica, y actividades propias de su objeto social, autorizando expresamente a Galer\u00eda Gatomaquia para la extracci\u00f3n, almacenamiento de datos y estudios de marketing para adecuar el Contenido ofertado al Usuario, y as\u00ed mejorar la calidad, funcionamiento y navegaci\u00f3n por el Sitio Web.<br><br>En las ocasiones en las que el Usuario pudiera facilitar sus datos a trav\u00e9s de formularios, con el objeto de realizar consultas, solicitar informaci\u00f3n y\/o por motivos relacionados con el Contenido ofrecido en el Sitio Web, si los datos que facilitara el Usuario fueran imprescindibles para el correcto desarrollo de todo esto, se informar\u00e1 de ello al Usuario indicando que son datos cuya cumplimentaci\u00f3n es de car\u00e1cter obligatorio.<br><br>En caso de no autorizar el tratamiento de sus datos con la finalidad se\u00f1alada en el p\u00e1rrafo(s) anterior(es), el Usuario podr\u00e1 ejercer sus derechos de informaci\u00f3n-acceso, rectificaci\u00f3n, cancelaci\u00f3n y oposici\u00f3n, (Derechos ARCO) de los que dispone y que pueden ser ejercitados ante&nbsp; Galer\u00eda Gatomaquia, de acuerdo con t\u00edtulo el III LOPD y del RDLOPD. Para ello, debe tener en cuenta las siguientes connotaciones:<br><br>Derecho de Acceso: Es el derecho del Usuario a obtener informaci\u00f3n sobre sus datos concretos de car\u00e1cter personal y del tratamiento que&nbsp; Galer\u00eda Gatomaquia haya realizado o realice, as\u00ed como de la informaci\u00f3n disponible sobre el origen de dichos datos y las comunicaciones realizadas o previstas de los mismos.<br>Derecho de Rectificaci\u00f3n: Es el derecho del Usuario a que se modifiquen los datos que, estando dentro del fichero automatizado, resulten ser inexactos o incompletos.<br>Derecho de Cancelaci\u00f3n: Es el derecho a suprimir los datos de car\u00e1cter personal del Usuario, a excepci\u00f3n de lo previsto en otras leyes aplicables que determinen la obligatoriedad de la conservaci\u00f3n de los mismos, en tiempo y forma.<br>Derecho de Oposici\u00f3n: Es el derecho del Usuario a que no se lleve a cabo el tratamiento de sus datos de car\u00e1cter personal o se cese el tratamiento de los mismos por parte de Galer\u00eda Gatomaquia.<br>As\u00ed pues, el Usuario podr\u00e1 ejercitar sus derechos mediante comunicaci\u00f3n escrita dirigida a Galer\u00eda Gatomaquia con la referencia \u00abgatomaquiasoller@gmail.com\u00bb, especificando:<br><br>Nombre, apellidos del Usuario y copia del DNI. En los casos en que se admita la representaci\u00f3n, ser\u00e1 tambi\u00e9n necesaria la identificaci\u00f3n por el mismo medio de la persona que representa al Usuario, as\u00ed como el documento acreditativo de la representaci\u00f3n. La fotocopia del DNI podr\u00e1 ser sustituida, por cualquier otro medio v\u00e1lido en derecho que acredite la identidad.<br>Petici\u00f3n con los motivos espec\u00edficos de la solicitud o informaci\u00f3n a la que se quiere acceder.<br>Domicilio a efecto de notificaciones.<br>Fecha y firma del solicitante.<br>Todo documento que acredite la petici\u00f3n que formula.<br>El Usuario deber\u00e1 utilizar un m\u00e9todo de env\u00edo que permita acreditar el env\u00edo y la recepci\u00f3n de la solicitud.<br><br><br>Galer\u00eda Gatomaquia. se reserva el derecho a modificar su Pol\u00edtica de Privacidad, de acuerdo a su propio criterio, o motivado por un cambio legislativo, jurisprudencial o doctrinal de la Agencia Espa\u00f1ola de Protecci\u00f3n de Datos. El uso de la Web despu\u00e9s de dichos cambios, implicar\u00e1 la aceptaci\u00f3n de los mismos.<br><br><br><strong>POL\u00cdTICA DE COOKIES<\/strong><strong><br><\/strong><strong><br><\/strong>Cookies:<br>El acceso a este Sitio Web puede implicar la utilizaci\u00f3n de cookies. Las cookies son peque\u00f1as cantidades de informaci\u00f3n que se almacenan en el navegador utilizado por cada Usuario \u2014en los distintos dispositivos que pueda utilizar para navegar\u2014 para que el servidor recuerde cierta informaci\u00f3n que posteriormente y \u00fanicamente el servidor que la implement\u00f3 leer\u00e1. Las cookies facilitan la navegaci\u00f3n, la hacen m\u00e1s amigable, y no da\u00f1an el dispositivo de navegaci\u00f3n.<br><br>Las cookies son procedimientos autom\u00e1ticos de recogida de informaci\u00f3n relativa a las preferencias determinadas por el Usuario durante su visita al Sitio Web con el fin de reconocerlo como Usuario, y personalizar su experiencia y el uso del Sitio Web, y pueden tambi\u00e9n, por ejemplo, ayudar a identificar y resolver errores.<br><br>La informaci\u00f3n recabada a trav\u00e9s de las cookies puede incluir la fecha y hora de visitas al Sitio Web, las p\u00e1ginas visionadas, el tiempo que ha estado en el Sitio Web y los sitios visitados justo antes y despu\u00e9s del mismo. Sin embargo, ninguna cookie permite que esta misma pueda contactarse con el n\u00famero de tel\u00e9fono del Usuario o con cualquier otro medio de contacto personal. Ninguna cookie puede extraer informaci\u00f3n del disco duro del Usuario o robar informaci\u00f3n personal. La \u00fanica manera de que la informaci\u00f3n privada del Usuario forme parte del archivo Cookie es que el usuario d\u00e9 personalmente esa informaci\u00f3n al servidor.<br><br>Cookies propias:<br>Son aquellas cookies que son enviadas al ordenador o dispositivo del Usuario y gestionadas exclusivamente por&nbsp; para el mejor funcionamiento del Galer\u00eda Gatomaquia&nbsp; Sitio Web. La informaci\u00f3n que se recaba se emplea para mejorar la calidad del Sitio Web y su Contenido y su experiencia como Usuario. Estas cookies permiten reconocer al Usuario como visitante recurrente del Sitio Web y adaptar el contenido para ofrecerle contenidos que se ajusten a sus preferencias.<br><br>Cookies de terceros:<br>Son cookies utilizadas y gestionadas por entidades externas que proporcionan servicios solicitados por este&nbsp; Galer\u00eda Gatomaquia mismo para mejorar el Sitio Web y la experiencia del usuario al navegar en el Sitio Web. Los principales objetivos para los que se utilizan cookies de terceros son la obtenci\u00f3n de estad\u00edsticas de accesos y analizar la informaci\u00f3n de la navegaci\u00f3n, es decir, c\u00f3mo interact\u00faa el Usuario con el Sitio Web.<br><br>La informaci\u00f3n que se obtiene se refiere, por ejemplo, al n\u00famero de p\u00e1ginas visitadas, el idioma, el lugar a la que la direcci\u00f3n IP desde el que accede el Usuario, el n\u00famero de Usuarios que acceden, la frecuencia y reincidencia de las visitas, el tiempo de visita, el navegador que usan, el operador o tipo de dispositivo desde el que se realiza la visita. Esta informaci\u00f3n se utiliza para mejorar el Sitio Web, y detectar nuevas necesidades para ofrecer a los Usuarios un Contenido y\/o servicio de \u00f3ptima calidad. En todo caso, la informaci\u00f3n se recopila de forma an\u00f3nima y se elaboran informes de tendencias del Sitio Web sin identificar a usuarios individuales.<br><br>Puede obtener m\u00e1s informaci\u00f3n sobre las cookies, la informaci\u00f3n sobre la privacidad, o consultar la descripci\u00f3n del tipo de cookies que se utiliza, sus principales caracter\u00edsticas, periodo de expiraci\u00f3n, etc. en el siguiente(s) enlace(s):<br><br>Google Analytics<br><a href=\"https:\/\/developers.google.com\/analytics\/\">https:\/\/developers.google.com\/analytics\/<br><br><\/a>La(s) entidad(es) encargada(s) del suministro de cookies podr\u00e1(n) ceder esta informaci\u00f3n a terceros, siempre y cuando lo exija la ley o sea un tercero el que procese esta informaci\u00f3n para dichas entidades.<br><br>Deshabilitar, rechazar y eliminar cookies:<br>El Usuario puede deshabilitar, rechazar y eliminar las cookies \u2014total o parcialmente\u2014 instaladas en su dispositivo mediante la configuraci\u00f3n de su navegador (entre los que se encuentran, por ejemplo, Chrome, Firefox, Safari, Explorer). En este sentido, los procedimientos para rechazar y eliminar las cookies pueden diferir de un navegador de Internet a otro. En consecuencia, el Usuario debe acudir a las instrucciones facilitadas por el propio navegador de Internet que est\u00e9 utilizando. En el supuesto de que rechace el uso de cookies \u2014total o parcialmente\u2014 podr\u00e1 seguir usando el Sitio Web, si bien podr\u00e1 tener limitada la utilizaci\u00f3n de algunas de las prestaciones del mismo.<br><br>Cambios en la Pol\u00edtica de Cookies:<br>Es posible que la Pol\u00edtica de Cookies del Sitio Web cambie o se actualice, por ello es recomendable revisar esta pol\u00edtica cada vez que acceda al Sitio Web con el objetivo de estar adecuadamente informado sobre c\u00f3mo y para qu\u00e9 usamos las cookies.<br><br><\/p>\n\n\n\n<h2 class=\"wp-block-heading\">Nota importante sobre el tratamiento de datos y Google Analytics<\/h2>\n\n\n\n<p>Esta p\u00e1gina web utiliza Google Analytics, un servicio de an\u00e1lisis web de Google Ireland Limited. En caso de que el responsable del tratamiento de datos sobre esta p\u00e1gina web resida en un pa\u00eds fuera del Espacio Econ\u00f3mico Europeo o Suiza, el tratamiento de datos de Google Analytics se realiza a trav\u00e9s de Google LLC. Google LLC y Google Ireland Limited ser\u00e1n referidos en lo sucesivo como \u201cGoogle\u201d.<\/p>\n\n\n\n<p>Google Analytics utiliza las llamadas \u201cCookies\u201d, archivos de texto que se almacenan en el dispositivo del visitante de la p\u00e1gina y que posibilitan un an\u00e1lisis del uso de la p\u00e1gina web del visitante. La informaci\u00f3n generada por la Cookie sobre el uso de esta p\u00e1gina web por el visitante (incluyendo la direcci\u00f3n IP acortada) se transmite y se almacena normalmente en<br>un servidor de Google.<\/p>\n\n\n\n<p>Google Analytics se utiliza en esta p\u00e1gina web \u00fanicamente con la extensi\u00f3n \u00ab_anonymizeIp()\u00bb. Esta extensi\u00f3n asegura la anonimizaci\u00f3n de la direcci\u00f3n IP mediante el acortamiento y excluye cualquier referencia personal directa. Mediante la extensi\u00f3n, la direcci\u00f3n IP es acortada previamente por Google dentro de los pa\u00edses miembros de la Uni\u00f3n Europea o en otros pa\u00edses parte del acuerdo del Espacio Econ\u00f3mico Europeo. Solo en casos excepcionales se transmite la direcci\u00f3n IP completa a un servidor de Google en EE.UU. y, una vez all\u00ed, es acortada. La direcci\u00f3n IP transmitida por el navegador correspondiente, en el marco de las acciones de Google Analytics, no se combina con otros datos de Google.<\/p>\n\n\n\n<p>En nombre del due\u00f1o de la p\u00e1gina, Google utilizar\u00e1 la informaci\u00f3n generada para valorar el uso de la p\u00e1gina, realizar informes sobre las actividades de la p\u00e1gina web y para llevar a cabo otros servicios relacionados con el uso de Internet o<br>de la p\u00e1gina web para el due\u00f1o de la p\u00e1gina (Art. 6 apart. 1 letra f) RGPD). El inter\u00e9s leg\u00edtimo del tratamiento de datos radica en la optimizaci\u00f3n de la p\u00e1gina web, el an\u00e1lisis del uso de la p\u00e1gina web y la adaptaci\u00f3n del contenido. Los intereses del usuario est\u00e1n garantizados adecuadamente mediante la pseudominizaci\u00f3n.<\/p>\n\n\n\n<p>Google LLC est\u00e1 certificado conforme al llamado <a href=\"https:\/\/www.privacyshield.gov\/participant?id=a2zt000000001L5AAI\">Privacy Shield<\/a> y, por tanto, queda garantizado un adecuado nivel de protecci\u00f3n de datos. Los datos enviados y los datos vinculados con Cookies, reconocimiento de usuario (p.ej. ID de usuario) o ID de publicidad se eliminan autom\u00e1ticamente transcurridos 50 meses. La eliminaci\u00f3n de datos, cuyo periodo de mantenimiento haya finalizado, se realiza autom\u00e1ticamente una vez al mes.<\/p>\n\n\n\n<p>El registro realizado por Google Analytics puede impedirse si el visitante de la p\u00e1gina configurar los ajustes de Cookies para esta p\u00e1gina web. El registro y almacenamiento de la direcci\u00f3n IP y de los datos generados por las Cookies pueden anularse en cualquier momento sin efectos retroactivos. El correspondiente plugin del navegador puede descargarse e instalarse a trav\u00e9s del siguiente enlace <a href=\"http:\/\/tools.google.com\/dlpage\/gaoptout\">https:\/\/tools.google.com\/dlpage\/gaoptout<\/a>.<\/p>\n\n\n\n<p>El visitante de la p\u00e1gina puede desactivar el uso de datos de Google Analytics haciendo clic en este enlace.<br>A continuaci\u00f3n, se activar\u00e1 una Opt-Out-Cookie que bloquear\u00e1 el uso de sus datos al visitar esta p\u00e1gina web.<\/p>\n\n\n\n<p>M\u00e1s informaci\u00f3n sobre el uso de datos por Google, las opciones de configuraci\u00f3n y anulaci\u00f3n se pueden encontrar en la <a href=\"https:\/\/policies.google.com\/privacy\">Pol\u00edtica de Privacidad de Google<\/a>, as\u00ed como en los <a href=\"https:\/\/adssettings.google.com\/authenticated\">ajustes para la publicidad de Google<\/a>.<\/p>\n","protected":false},"excerpt":{"rendered":"<p>POL\u00cdTICA DE PRIVACIDAD Y PROTECCI\u00d3N DE DATOSDe conformidad con lo que establece la Ley Org\u00e1nica 15\/1999 de Protecci\u00f3n de Datos de Car\u00e1cter Personal (LOPD), y con el Real Decreto 1720\/2007, de 21 de diciembre, por el que se aprueba el Reglamento de desarrollo de la Ley Org\u00e1nica 15\/1999, de 13 de diciembre, de Protecci\u00f3n de [&hellip;]<\/p>\n","protected":false},"author":1,"featured_media":0,"parent":0,"menu_order":0,"comment_status":"closed","ping_status":"closed","template":"","meta":{"footnotes":""},"class_list":["post-727","page","type-page","status-publish","hentry"],"blocksy_meta":[],"_links":{"self":[{"href":"https:\/\/gatomaquia.com\/index.php\/wp-json\/wp\/v2\/pages\/727","targetHints":{"allow":["GET"]}}],"collection":[{"href":"https:\/\/gatomaquia.com\/index.php\/wp-json\/wp\/v2\/pages"}],"about":[{"href":"https:\/\/gatomaquia.com\/index.php\/wp-json\/wp\/v2\/types\/page"}],"author":[{"embeddable":true,"href":"https:\/\/gatomaquia.com\/index.php\/wp-json\/wp\/v2\/users\/1"}],"replies":[{"embeddable":true,"href":"https:\/\/gatomaquia.com\/index.php\/wp-json\/wp\/v2\/comments?post=727"}],"version-history":[{"count":1,"href":"https:\/\/gatomaquia.com\/index.php\/wp-json\/wp\/v2\/pages\/727\/revisions"}],"predecessor-version":[{"id":729,"href":"https:\/\/gatomaquia.com\/index.php\/wp-json\/wp\/v2\/pages\/727\/revisions\/729"}],"wp:attachment":[{"href":"https:\/\/gatomaquia.com\/index.php\/wp-json\/wp\/v2\/media?parent=727"}],"curies":[{"name":"wp","href":"https:\/\/api.w.org\/{rel}","templated":true}]}}