{"id":1381,"date":"2025-10-02T10:21:47","date_gmt":"2025-10-02T10:21:47","guid":{"rendered":"https:\/\/gatomaquia.com\/?post_type=product&#038;p=1381"},"modified":"2025-11-15T20:02:31","modified_gmt":"2025-11-15T20:02:31","slug":"1381","status":"publish","type":"product","link":"https:\/\/gatomaquia.com\/index.php\/producto\/1381\/","title":{"rendered":""},"content":{"rendered":"<p>Pieza \u00fanica, pintada por Akum, con t\u00e9cnica mixta.<\/p>\n<p>Est\u00e1 enmarcada en paspart\u00fa blanco de 24,5 cm x 29,5 cm.<\/p>\n<p>Los impuestos est\u00e1n incluidos en el precio.<\/p>\n<ul>\n<li style=\"font-weight: 400;\" aria-level=\"1\"><span style=\"font-weight: 400;\">Las obras ser\u00e1n enviadas al comprador mediante servicio de mensajer\u00eda.<\/span><\/li>\n<li style=\"font-weight: 400;\" aria-level=\"1\"><span style=\"font-weight: 400;\">El precio del env\u00edo var\u00eda seg\u00fan su destino y dimensiones, ser\u00e1 calculado autom\u00e1ticamente en la p\u00e1gina de \u201ccarrito\u201d cuando introduzcas el destino.<\/span><\/li>\n<li style=\"font-weight: 400;\" aria-level=\"1\"><span style=\"font-weight: 400;\">Se comunicar\u00e1 mediante correo electr\u00f3nico la fecha e informaci\u00f3n del env\u00edo.<\/span><\/li>\n<li style=\"font-weight: 400;\" aria-level=\"1\"><span style=\"font-weight: 400;\">El plazo de entrega variar\u00e1 en funci\u00f3n del tipo de obra y destino del env\u00edo.\u00a0<\/span><\/li>\n<li style=\"font-weight: 400;\" aria-level=\"1\"><span style=\"font-weight: 400;\">Las obras pertenecientes a las EXPOSICIONES TEMPORALES estar\u00e1n disponibles para el env\u00edo una vez finalizada la exposici\u00f3n.\u00a0<\/span><\/li>\n<li style=\"font-weight: 400;\" aria-level=\"1\"><span style=\"font-weight: 400;\">El cliente se compromete a realizar el seguimiento y recepci\u00f3n del paquete. Si el pedido fuera devuelto a la Galer\u00eda por ausencia en el domicilio o por no haber sido recogido en las oficinas de mensajer\u00eda dentro de plazo, el cliente deber\u00e1 abonar los gastos para un nuevo env\u00edo.<\/span><\/li>\n<li style=\"font-weight: 400;\" aria-level=\"1\"><span style=\"font-weight: 400;\">Los datos personales recibidos durante el proceso de compra s\u00f3lo podr\u00e1n ser utilizados con este motivo.\u00a0<\/span><\/li>\n<li style=\"font-weight: 400;\" aria-level=\"1\"><span style=\"font-weight: 400;\">La direcci\u00f3n de correo electr\u00f3nico del comprador podr\u00e1 ser incluida en la base de datos de la Galer\u00eda.<\/span><\/li>\n<\/ul>\n<p>&nbsp;<\/p>\n<p>&nbsp;<\/p>\n<p>&nbsp;<\/p>\n<p>&nbsp;<\/p>\n","protected":false},"excerpt":{"rendered":"<p>Pieza original<\/p>\n<p>&nbsp;<\/p>\n<p>&nbsp;<\/p>\n<p>&nbsp;<\/p>\n","protected":false},"featured_media":1382,"template":"","meta":[],"product_brand":[],"product_cat":[22],"product_tag":[],"class_list":{"0":"post-1381","1":"product","2":"type-product","3":"status-publish","4":"has-post-thumbnail","6":"product_cat-akum","8":"first","9":"instock","10":"sold-individually","11":"shipping-taxable","12":"purchasable","13":"product-type-simple"},"_links":{"self":[{"href":"https:\/\/gatomaquia.com\/index.php\/wp-json\/wp\/v2\/product\/1381","targetHints":{"allow":["GET"]}}],"collection":[{"href":"https:\/\/gatomaquia.com\/index.php\/wp-json\/wp\/v2\/product"}],"about":[{"href":"https:\/\/gatomaquia.com\/index.php\/wp-json\/wp\/v2\/types\/product"}],"wp:featuredmedia":[{"embeddable":true,"href":"https:\/\/gatomaquia.com\/index.php\/wp-json\/wp\/v2\/media\/1382"}],"wp:attachment":[{"href":"https:\/\/gatomaquia.com\/index.php\/wp-json\/wp\/v2\/media?parent=1381"}],"wp:term":[{"taxonomy":"product_brand","embeddable":true,"href":"https:\/\/gatomaquia.com\/index.php\/wp-json\/wp\/v2\/product_brand?post=1381"},{"taxonomy":"product_cat","embeddable":true,"href":"https:\/\/gatomaquia.com\/index.php\/wp-json\/wp\/v2\/product_cat?post=1381"},{"taxonomy":"product_tag","embeddable":true,"href":"https:\/\/gatomaquia.com\/index.php\/wp-json\/wp\/v2\/product_tag?post=1381"}],"curies":[{"name":"wp","href":"https:\/\/api.w.org\/{rel}","templated":true}]}}